{"id":258,"date":"2018-01-22T10:17:40","date_gmt":"2018-01-22T14:17:40","guid":{"rendered":"http:\/\/ayuntamiento.o\/transparencia\/?page_id=258"},"modified":"2025-04-22T10:45:21","modified_gmt":"2025-04-22T14:45:21","slug":"responsable-de-acceso-a-la-informacion","status":"publish","type":"page","link":"https:\/\/juntadistritalsantiagooeste.gob.do\/transparencia\/responsable-de-acceso-a-la-informacion\/","title":{"rendered":"Responsable de Acceso a la Informaci\u00f3n"},"content":{"rendered":"\n<div class=\"wp-container-3 wp-block-columns has-very-light-gray-to-cyan-bluish-gray-gradient-background has-background\">\n<div class=\"wp-container-1 wp-block-column\" style=\"flex-basis:66.66%\">\n<figure class=\"wp-block-image size-large\"><img loading=\"lazy\" width=\"700\" height=\"700\" src=\"https:\/\/juntadistritalsantiagooeste.gob.do\/transparencia\/wp-content\/uploads\/2024\/09\/Reparacion-de-aceras-y-contenes-en-el-sector-Villa-Tabacalera-1-700x700.jpg\" alt=\"\" class=\"wp-image-1202\" srcset=\"https:\/\/juntadistritalsantiagooeste.gob.do\/transparencia\/wp-content\/uploads\/2024\/09\/Reparacion-de-aceras-y-contenes-en-el-sector-Villa-Tabacalera-1-700x700.jpg 700w, https:\/\/juntadistritalsantiagooeste.gob.do\/transparencia\/wp-content\/uploads\/2024\/09\/Reparacion-de-aceras-y-contenes-en-el-sector-Villa-Tabacalera-1-250x250.jpg 250w, https:\/\/juntadistritalsantiagooeste.gob.do\/transparencia\/wp-content\/uploads\/2024\/09\/Reparacion-de-aceras-y-contenes-en-el-sector-Villa-Tabacalera-1-150x150.jpg 150w, https:\/\/juntadistritalsantiagooeste.gob.do\/transparencia\/wp-content\/uploads\/2024\/09\/Reparacion-de-aceras-y-contenes-en-el-sector-Villa-Tabacalera-1-768x768.jpg 768w, https:\/\/juntadistritalsantiagooeste.gob.do\/transparencia\/wp-content\/uploads\/2024\/09\/Reparacion-de-aceras-y-contenes-en-el-sector-Villa-Tabacalera-1-120x120.jpg 120w, https:\/\/juntadistritalsantiagooeste.gob.do\/transparencia\/wp-content\/uploads\/2024\/09\/Reparacion-de-aceras-y-contenes-en-el-sector-Villa-Tabacalera-1.jpg 1080w\" sizes=\"(max-width: 700px) 100vw, 700px\" \/><\/figure>\n<\/div>\n\n\n\n<div class=\"wp-container-2 wp-block-column\" style=\"flex-basis:33.33%\">\n<h2 class=\"has-medium-font-size\"><strong>Responsable de Acceso a la Informaci\u00f3n Distrital (RAIM)<\/strong><\/h2>\n\n\n\n<p>Mes De Marzo 2025<\/p>\n\n\n\n<p class=\"has-medium-font-size\"><strong>Lic. Kelvin Rafael Garc\u00eda \u00c1lvarez<\/strong><\/p>\n<\/div>\n<\/div>\n\n\n\n<div class=\"wp-container-13 wp-block-columns\">\n<div class=\"wp-container-12 wp-block-column\">\n<h2>Contacto Responsable de la oficina de libre Acceso a la&nbsp; Informaci\u00f3n P\u00fablica<\/h2>\n\n\n\n<p><strong>Tel\u00e9fono: <\/strong>829-757-5096<strong><br><\/strong><\/p>\n<p><strong>Correo electr\u00f3nico:<\/strong>&nbsp;<a href=\"mailto:jdmsantiagooeste.oai@gmail.com\"><strong> jdmsantiagooeste.oai@gmail.com<\/strong><\/a><\/p>\n<p><strong>Direcci\u00f3n: <\/strong>C\/ Sergio Hern\u00e1ndez #52, D. M. Santiago Oeste, R. D.<strong><br><br><\/strong><\/p>\n\n\n\n<h2>Oficina de libre acceso a la informaci\u00f3n&nbsp;Santiago Oeste<\/h2>\n\n\n\n<div class=\"wp-container-11 wp-block-columns\">\n<div class=\"wp-container-6 wp-block-column\">\n<figure class=\"wp-container-5 wp-block-gallery-4 wp-block-gallery has-nested-images columns-default is-cropped\">\n<figure class=\"wp-block-image\"><img loading=\"lazy\" width=\"1080\" height=\"1080\" src=\"https:\/\/juntadistritalsantiagooeste.gob.do\/transparencia\/wp-content\/uploads\/2024\/09\/Reparacion-de-aceras-y-contenes-en-el-sector-Villa-Tabacalera-3.jpg\" alt=\"\" class=\"wp-image-1208\" srcset=\"https:\/\/juntadistritalsantiagooeste.gob.do\/transparencia\/wp-content\/uploads\/2024\/09\/Reparacion-de-aceras-y-contenes-en-el-sector-Villa-Tabacalera-3.jpg 1080w, https:\/\/juntadistritalsantiagooeste.gob.do\/transparencia\/wp-content\/uploads\/2024\/09\/Reparacion-de-aceras-y-contenes-en-el-sector-Villa-Tabacalera-3-250x250.jpg 250w, https:\/\/juntadistritalsantiagooeste.gob.do\/transparencia\/wp-content\/uploads\/2024\/09\/Reparacion-de-aceras-y-contenes-en-el-sector-Villa-Tabacalera-3-700x700.jpg 700w, https:\/\/juntadistritalsantiagooeste.gob.do\/transparencia\/wp-content\/uploads\/2024\/09\/Reparacion-de-aceras-y-contenes-en-el-sector-Villa-Tabacalera-3-150x150.jpg 150w, https:\/\/juntadistritalsantiagooeste.gob.do\/transparencia\/wp-content\/uploads\/2024\/09\/Reparacion-de-aceras-y-contenes-en-el-sector-Villa-Tabacalera-3-768x768.jpg 768w, https:\/\/juntadistritalsantiagooeste.gob.do\/transparencia\/wp-content\/uploads\/2024\/09\/Reparacion-de-aceras-y-contenes-en-el-sector-Villa-Tabacalera-3-120x120.jpg 120w\" sizes=\"(max-width: 1080px) 100vw, 1080px\" \/><\/figure>\n<\/figure>\n<\/div>\n\n\n\n<div class=\"wp-container-7 wp-block-column\">\n<figure class=\"wp-block-image size-large\"><img loading=\"lazy\" width=\"700\" height=\"700\" src=\"https:\/\/juntadistritalsantiagooeste.gob.do\/transparencia\/wp-content\/uploads\/2024\/09\/Reparacion-de-aceras-y-contenes-en-el-sector-Villa-Tabacalera-2-1-700x700.jpg\" alt=\"\" class=\"wp-image-1209\" srcset=\"https:\/\/juntadistritalsantiagooeste.gob.do\/transparencia\/wp-content\/uploads\/2024\/09\/Reparacion-de-aceras-y-contenes-en-el-sector-Villa-Tabacalera-2-1-700x700.jpg 700w, https:\/\/juntadistritalsantiagooeste.gob.do\/transparencia\/wp-content\/uploads\/2024\/09\/Reparacion-de-aceras-y-contenes-en-el-sector-Villa-Tabacalera-2-1-250x250.jpg 250w, https:\/\/juntadistritalsantiagooeste.gob.do\/transparencia\/wp-content\/uploads\/2024\/09\/Reparacion-de-aceras-y-contenes-en-el-sector-Villa-Tabacalera-2-1-150x150.jpg 150w, https:\/\/juntadistritalsantiagooeste.gob.do\/transparencia\/wp-content\/uploads\/2024\/09\/Reparacion-de-aceras-y-contenes-en-el-sector-Villa-Tabacalera-2-1-768x768.jpg 768w, https:\/\/juntadistritalsantiagooeste.gob.do\/transparencia\/wp-content\/uploads\/2024\/09\/Reparacion-de-aceras-y-contenes-en-el-sector-Villa-Tabacalera-2-1-120x120.jpg 120w, https:\/\/juntadistritalsantiagooeste.gob.do\/transparencia\/wp-content\/uploads\/2024\/09\/Reparacion-de-aceras-y-contenes-en-el-sector-Villa-Tabacalera-2-1.jpg 1080w\" sizes=\"(max-width: 700px) 100vw, 700px\" \/><\/figure>\n<\/div>\n\n\n\n<div class=\"wp-container-10 wp-block-column\">\n<figure class=\"wp-container-9 wp-block-gallery-8 wp-block-gallery has-nested-images columns-default is-cropped\">\n<figure class=\"wp-block-image size-large\"><img loading=\"lazy\" width=\"700\" height=\"700\" src=\"https:\/\/juntadistritalsantiagooeste.gob.do\/transparencia\/wp-content\/uploads\/2024\/09\/Reparacion-de-aceras-y-contenes-en-el-sector-Villa-Tabacalera-1-700x700.jpg\" alt=\"\" class=\"wp-image-1202\" srcset=\"https:\/\/juntadistritalsantiagooeste.gob.do\/transparencia\/wp-content\/uploads\/2024\/09\/Reparacion-de-aceras-y-contenes-en-el-sector-Villa-Tabacalera-1-700x700.jpg 700w, https:\/\/juntadistritalsantiagooeste.gob.do\/transparencia\/wp-content\/uploads\/2024\/09\/Reparacion-de-aceras-y-contenes-en-el-sector-Villa-Tabacalera-1-250x250.jpg 250w, https:\/\/juntadistritalsantiagooeste.gob.do\/transparencia\/wp-content\/uploads\/2024\/09\/Reparacion-de-aceras-y-contenes-en-el-sector-Villa-Tabacalera-1-150x150.jpg 150w, https:\/\/juntadistritalsantiagooeste.gob.do\/transparencia\/wp-content\/uploads\/2024\/09\/Reparacion-de-aceras-y-contenes-en-el-sector-Villa-Tabacalera-1-768x768.jpg 768w, https:\/\/juntadistritalsantiagooeste.gob.do\/transparencia\/wp-content\/uploads\/2024\/09\/Reparacion-de-aceras-y-contenes-en-el-sector-Villa-Tabacalera-1-120x120.jpg 120w, https:\/\/juntadistritalsantiagooeste.gob.do\/transparencia\/wp-content\/uploads\/2024\/09\/Reparacion-de-aceras-y-contenes-en-el-sector-Villa-Tabacalera-1.jpg 1080w\" sizes=\"(max-width: 700px) 100vw, 700px\" \/><\/figure>\n<\/figure>\n<\/div>\n<\/div>\n<\/div>\n<\/div>\n\n\n\n\n\n<div class=\"wp-container-19 wp-block-columns\">\n<div class=\"wp-container-18 wp-block-column is-vertically-aligned-center has-very-light-gray-to-cyan-bluish-gray-gradient-background has-background\">\n<div class=\"wp-container-17 wp-block-columns\">\n<div class=\"wp-container-14 wp-block-column\">\n<h3><strong>Formulario de Solicitud de Acceso a la Informaci\u00f3n P\u00fablica<\/strong><\/h3>\n<\/div>\n\n\n\n<div class=\"wp-container-16 wp-block-column is-vertically-aligned-center\" style=\"flex-basis:200px\">\n<div class=\"wp-container-15 wp-block-buttons\">\n<div class=\"wp-block-button\"><a class=\"wp-block-button__link\" href=\"https:\/\/bit.ly\/Formulario-de-entrega-de-informacion\" style=\"border-radius:39px\" target=\"_blank\" rel=\"noreferrer noopener\"><strong><kbd>Descarga<\/kbd><\/strong><\/a><\/div>\n<\/div>\n<\/div>\n<\/div>\n<\/div>\n<\/div>\n","protected":false},"excerpt":{"rendered":"Responsable de Acceso a la Informaci\u00f3n Distrital (RAIM) Mes De Marzo 2025 Lic. Kelvin Rafael Garc\u00eda \u00c1lvarez Contacto Responsable de la oficina de libre Acceso a la&nbsp; Informaci\u00f3n P\u00fablica Tel\u00e9fono: 829-757-5096 Correo electr\u00f3nico:&nbsp; jdmsantiagooeste.oai@gmail.com Direcci\u00f3n: C\/ Sergio Hern\u00e1ndez #52, D. M. Santiago Oeste, R. D. Oficina de libre acceso a la informaci\u00f3n&nbsp;Santiago Oeste Formulario de&#8230;","protected":false},"author":6,"featured_media":0,"parent":0,"menu_order":0,"comment_status":"closed","ping_status":"closed","template":"","meta":[],"acf":[],"_links":{"self":[{"href":"https:\/\/juntadistritalsantiagooeste.gob.do\/transparencia\/wp-json\/wp\/v2\/pages\/258"}],"collection":[{"href":"https:\/\/juntadistritalsantiagooeste.gob.do\/transparencia\/wp-json\/wp\/v2\/pages"}],"about":[{"href":"https:\/\/juntadistritalsantiagooeste.gob.do\/transparencia\/wp-json\/wp\/v2\/types\/page"}],"author":[{"embeddable":true,"href":"https:\/\/juntadistritalsantiagooeste.gob.do\/transparencia\/wp-json\/wp\/v2\/users\/6"}],"replies":[{"embeddable":true,"href":"https:\/\/juntadistritalsantiagooeste.gob.do\/transparencia\/wp-json\/wp\/v2\/comments?post=258"}],"version-history":[{"count":22,"href":"https:\/\/juntadistritalsantiagooeste.gob.do\/transparencia\/wp-json\/wp\/v2\/pages\/258\/revisions"}],"predecessor-version":[{"id":1467,"href":"https:\/\/juntadistritalsantiagooeste.gob.do\/transparencia\/wp-json\/wp\/v2\/pages\/258\/revisions\/1467"}],"wp:attachment":[{"href":"https:\/\/juntadistritalsantiagooeste.gob.do\/transparencia\/wp-json\/wp\/v2\/media?parent=258"}],"curies":[{"name":"wp","href":"https:\/\/api.w.org\/{rel}","templated":true}]}}